{"id":53,"date":"2023-02-08T16:32:53","date_gmt":"2023-02-08T19:32:53","guid":{"rendered":"https:\/\/www.casaperola.com.br\/blog\/?page_id=53"},"modified":"2023-05-30T12:22:29","modified_gmt":"2023-05-30T15:22:29","slug":"sobre","status":"publish","type":"page","link":"https:\/\/www.casaperola.com.br\/blog\/sobre\/","title":{"rendered":"Sobre N\u00f3s"},"content":{"rendered":"\t\t<div data-elementor-type=\"wp-page\" data-elementor-id=\"53\" class=\"elementor elementor-53\">\n\t\t\t\t\t\t<section class=\"elementor-section elementor-top-section elementor-element elementor-element-69ea0cb0 elementor-section-content-middle elementor-section-boxed elementor-section-height-default elementor-section-height-default\" data-id=\"69ea0cb0\" data-element_type=\"section\" data-e-type=\"section\">\n\t\t\t\t\t\t<div class=\"elementor-container elementor-column-gap-no\">\n\t\t\t\t\t<div class=\"elementor-column elementor-col-50 elementor-top-column elementor-element elementor-element-524a3cd2\" data-id=\"524a3cd2\" data-element_type=\"column\" data-e-type=\"column\">\n\t\t\t<div class=\"elementor-widget-wrap elementor-element-populated\">\n\t\t\t\t\t\t<div class=\"elementor-element elementor-element-2324fd6a elementor-widget elementor-widget-image\" data-id=\"2324fd6a\" data-element_type=\"widget\" data-e-type=\"widget\" data-widget_type=\"image.default\">\n\t\t\t\t<div class=\"elementor-widget-container\">\n\t\t\t\t\t\t\t\t\t\t\t\t\t\t\t<img fetchpriority=\"high\" decoding=\"async\" width=\"1200\" height=\"1200\" src=\"https:\/\/www.casaperola.com.br\/blog\/wp-content\/uploads\/2023\/05\/colcha_king_jacque_com_franja_kaki_buddemeyer_006.jpg\" class=\"attachment-full size-full wp-image-169\" alt=\"\" srcset=\"https:\/\/www.casaperola.com.br\/blog\/wp-content\/uploads\/2023\/05\/colcha_king_jacque_com_franja_kaki_buddemeyer_006.jpg 1200w, https:\/\/www.casaperola.com.br\/blog\/wp-content\/uploads\/2023\/05\/colcha_king_jacque_com_franja_kaki_buddemeyer_006-300x300.jpg 300w, https:\/\/www.casaperola.com.br\/blog\/wp-content\/uploads\/2023\/05\/colcha_king_jacque_com_franja_kaki_buddemeyer_006-1024x1024.jpg 1024w, https:\/\/www.casaperola.com.br\/blog\/wp-content\/uploads\/2023\/05\/colcha_king_jacque_com_franja_kaki_buddemeyer_006-150x150.jpg 150w, https:\/\/www.casaperola.com.br\/blog\/wp-content\/uploads\/2023\/05\/colcha_king_jacque_com_franja_kaki_buddemeyer_006-768x768.jpg 768w\" sizes=\"(max-width: 1200px) 100vw, 1200px\" \/>\t\t\t\t\t\t\t\t\t\t\t\t\t\t\t<\/div>\n\t\t\t\t<\/div>\n\t\t\t\t\t<\/div>\n\t\t<\/div>\n\t\t\t\t<div class=\"elementor-column elementor-col-50 elementor-top-column elementor-element elementor-element-995dc9a\" data-id=\"995dc9a\" data-element_type=\"column\" data-e-type=\"column\">\n\t\t\t<div class=\"elementor-widget-wrap elementor-element-populated\">\n\t\t\t\t\t\t<div class=\"elementor-element elementor-element-55170f31 elementor-widget elementor-widget-heading\" data-id=\"55170f31\" data-element_type=\"widget\" data-e-type=\"widget\" data-widget_type=\"heading.default\">\n\t\t\t\t<div class=\"elementor-widget-container\">\n\t\t\t\t\t<p class=\"elementor-heading-title elementor-size-default\">Quem Somos<\/p>\t\t\t\t<\/div>\n\t\t\t\t<\/div>\n\t\t\t\t<div class=\"elementor-element elementor-element-a031f7e elementor-widget elementor-widget-text-editor\" data-id=\"a031f7e\" data-element_type=\"widget\" data-e-type=\"widget\" data-widget_type=\"text-editor.default\">\n\t\t\t\t<div class=\"elementor-widget-container\">\n\t\t\t\t\t\t\t\t\t<p><span style=\"color: #333333;\">A Casa P\u00e9rola foi fundada em 1951 no bairro Floresta em Belo Horizonte, MG. Come\u00e7ou com Jovino Bedran e sua esposa L\u00e9lia Bedran vendendo tecidos e artigos de armarinho. Ao longo dos anos, foi inovando e passou a vender roupa de cama, mesa, banho, presentes e brinquedos.<\/span><\/p><p><span style=\"color: #333333;\">A partir de 2012, expandiu suas lojas, abrindo uma unidade no bairro Prado. Depois, nos bairros Sion, Av.Nossa Senhora do Carmo e Belvedere, todas em Belo Horizonte, MG.<\/span><\/p>\t\t\t\t\t\t\t\t<\/div>\n\t\t\t\t<\/div>\n\t\t\t\t\t<\/div>\n\t\t<\/div>\n\t\t\t\t\t<\/div>\n\t\t<\/section>\n\t\t\t\t<\/div>\n\t\t","protected":false},"excerpt":{"rendered":"<p>Quem Somos A Casa P\u00e9rola foi fundada em 1951 no bairro Floresta em Belo Horizonte, MG. Come\u00e7ou com Jovino Bedran e sua esposa L\u00e9lia Bedran [&hellip;]<\/p>\n","protected":false},"author":1,"featured_media":0,"parent":0,"menu_order":0,"comment_status":"closed","ping_status":"closed","template":"","meta":{"footnotes":""},"class_list":["post-53","page","type-page","status-publish","hentry"],"_links":{"self":[{"href":"https:\/\/www.casaperola.com.br\/blog\/wp-json\/wp\/v2\/pages\/53","targetHints":{"allow":["GET"]}}],"collection":[{"href":"https:\/\/www.casaperola.com.br\/blog\/wp-json\/wp\/v2\/pages"}],"about":[{"href":"https:\/\/www.casaperola.com.br\/blog\/wp-json\/wp\/v2\/types\/page"}],"author":[{"embeddable":true,"href":"https:\/\/www.casaperola.com.br\/blog\/wp-json\/wp\/v2\/users\/1"}],"replies":[{"embeddable":true,"href":"https:\/\/www.casaperola.com.br\/blog\/wp-json\/wp\/v2\/comments?post=53"}],"version-history":[{"count":12,"href":"https:\/\/www.casaperola.com.br\/blog\/wp-json\/wp\/v2\/pages\/53\/revisions"}],"predecessor-version":[{"id":269,"href":"https:\/\/www.casaperola.com.br\/blog\/wp-json\/wp\/v2\/pages\/53\/revisions\/269"}],"wp:attachment":[{"href":"https:\/\/www.casaperola.com.br\/blog\/wp-json\/wp\/v2\/media?parent=53"}],"curies":[{"name":"wp","href":"https:\/\/api.w.org\/{rel}","templated":true}]}}